{"id":20,"date":"2022-09-02T20:51:47","date_gmt":"2022-09-02T17:51:47","guid":{"rendered":"https:\/\/zapmusic.de\/?page_id=20"},"modified":"2024-08-06T17:27:10","modified_gmt":"2024-08-06T14:27:10","slug":"about","status":"publish","type":"page","link":"https:\/\/zapmusic.de\/de\/about","title":{"rendered":"BIOGRAPHIE"},"content":{"rendered":"<div data-elementor-type=\"wp-page\" data-elementor-id=\"20\" class=\"elementor elementor-20\">\n\t\t\t\t\t\t<section class=\"elementor-section elementor-top-section elementor-element elementor-element-9a931c4 elementor-section-height-min-height elementor-section-boxed elementor-section-height-default elementor-section-items-middle\" data-id=\"9a931c4\" data-element_type=\"section\" data-settings=\"{&quot;background_background&quot;:&quot;classic&quot;}\">\n\t\t\t\t\t\t<div class=\"elementor-container elementor-column-gap-default\">\n\t\t\t\t\t<div class=\"elementor-column elementor-col-100 elementor-top-column elementor-element elementor-element-43a8330\" data-id=\"43a8330\" data-element_type=\"column\">\n\t\t\t<div class=\"elementor-widget-wrap elementor-element-populated\">\n\t\t\t\t\t\t<div class=\"elementor-element elementor-element-a0f482f elementor-widget elementor-widget-heading\" data-id=\"a0f482f\" data-element_type=\"widget\" data-widget_type=\"heading.default\">\n\t\t\t\t<div class=\"elementor-widget-container\">\n\t\t\t\t\t<h1 class=\"elementor-heading-title elementor-size-default\">Biografie<\/h1>\t\t\t\t<\/div>\n\t\t\t\t<\/div>\n\t\t\t\t\t<\/div>\n\t\t<\/div>\n\t\t\t\t\t<\/div>\n\t\t<\/section>\n\t\t\t\t<section class=\"elementor-section elementor-top-section elementor-element elementor-element-4771df4 elementor-section-boxed elementor-section-height-default elementor-section-height-default\" data-id=\"4771df4\" data-element_type=\"section\" data-settings=\"{&quot;background_background&quot;:&quot;classic&quot;}\">\n\t\t\t\t\t\t<div class=\"elementor-container elementor-column-gap-default\">\n\t\t\t\t\t<div class=\"elementor-column elementor-col-50 elementor-top-column elementor-element elementor-element-33c9d1a\" data-id=\"33c9d1a\" data-element_type=\"column\">\n\t\t\t<div class=\"elementor-widget-wrap elementor-element-populated\">\n\t\t\t\t\t\t<div class=\"elementor-element elementor-element-8c1d9c6 elementor-widget elementor-widget-image\" data-id=\"8c1d9c6\" data-element_type=\"widget\" data-widget_type=\"image.default\">\n\t\t\t\t<div class=\"elementor-widget-container\">\n\t\t\t\t\t\t\t\t\t\t\t\t\t\t\t<img fetchpriority=\"high\" decoding=\"async\" width=\"409\" height=\"626\" src=\"https:\/\/zapmusic.de\/wp-content\/uploads\/2022\/09\/FB_IMG_1535406220766.jpg\" class=\"attachment-medium_large size-medium_large wp-image-106\" alt=\"\" srcset=\"https:\/\/zapmusic.de\/wp-content\/uploads\/2022\/09\/FB_IMG_1535406220766.jpg 409w, https:\/\/zapmusic.de\/wp-content\/uploads\/2022\/09\/FB_IMG_1535406220766-196x300.jpg 196w\" sizes=\"(max-width: 409px) 100vw, 409px\" \/>\t\t\t\t\t\t\t\t\t\t\t\t\t\t\t<\/div>\n\t\t\t\t<\/div>\n\t\t\t\t\t<\/div>\n\t\t<\/div>\n\t\t\t\t<div class=\"elementor-column elementor-col-50 elementor-top-column elementor-element elementor-element-e27c7cd\" data-id=\"e27c7cd\" data-element_type=\"column\">\n\t\t\t<div class=\"elementor-widget-wrap elementor-element-populated\">\n\t\t\t\t\t\t<div class=\"elementor-element elementor-element-b9b23fe elementor-widget elementor-widget-heading\" data-id=\"b9b23fe\" data-element_type=\"widget\" data-widget_type=\"heading.default\">\n\t\t\t\t<div class=\"elementor-widget-container\">\n\t\t\t\t\t<h2 class=\"elementor-heading-title elementor-size-default\">Treffen mit Dj Zap<\/h2>\t\t\t\t<\/div>\n\t\t\t\t<\/div>\n\t\t\t\t<div class=\"elementor-element elementor-element-1e14bc9 elementor-widget elementor-widget-text-editor\" data-id=\"1e14bc9\" data-element_type=\"widget\" data-widget_type=\"text-editor.default\">\n\t\t\t\t<div class=\"elementor-widget-container\">\n\t\t\t\t\t\t\t\t\t<p>Seine Besch\u00e4ftigung mit Musik begann in sehr jungen Jahren. Dies zeigte sich auch auf seinem Weg, als er das Musikgymnasium und das Lyzeum in Kavala Griechenland besuchte und bei den panhellenischen Musikwettbewerben den ersten Platz in Percussion gewann. Bei seinem Studium der  Musiktechnik und seine Arbeit als DJ und Tontechniker konnte er sich seiner Liebe zur Musik voll widmen.<\/p><p>Seine Karriere f\u00fchrte ihn zu zahlreichen Reisen au\u00dferhalb Griechenlands (Bulgarien, T\u00fcrkei, Deutschland, Holland usw.). Nebenbei gelang es ihm auch, sich den 8. Platz bei einem internationalen Musikwettbewerb f\u00fcr Griechenland (Samsun T\u00fcrkei) zu sichern.<\/p><p>Ioannis lebt seit 2016 in Deutschland. Er arbeitet im Bereich Events und technischer Support (Ton und Licht), wo er gleichzeitig seine Liebe und Leidenschaft f\u00fcr die Welt des DJing ausleben kann!<\/p>\t\t\t\t\t\t\t\t<\/div>\n\t\t\t\t<\/div>\n\t\t\t\t<div class=\"elementor-element elementor-element-a075eff elementor-shape-square e-grid-align-left elementor-grid-0 elementor-widget elementor-widget-social-icons\" data-id=\"a075eff\" data-element_type=\"widget\" data-widget_type=\"social-icons.default\">\n\t\t\t\t<div class=\"elementor-widget-container\">\n\t\t\t\t\t\t\t<div class=\"elementor-social-icons-wrapper elementor-grid\">\n\t\t\t\t\t\t\t<span class=\"elementor-grid-item\">\n\t\t\t\t\t<a class=\"elementor-icon elementor-social-icon elementor-social-icon-facebook-f elementor-repeater-item-cf179ea\" href=\"https:\/\/www.facebook.com\/ZapMusic-708054466054217\" target=\"_blank\">\n\t\t\t\t\t\t<span class=\"elementor-screen-only\">Facebook-f<\/span>\n\t\t\t\t\t\t<i class=\"fab fa-facebook-f\"><\/i>\t\t\t\t\t<\/a>\n\t\t\t\t<\/span>\n\t\t\t\t\t\t\t<span class=\"elementor-grid-item\">\n\t\t\t\t\t<a class=\"elementor-icon elementor-social-icon elementor-social-icon-mixcloud elementor-repeater-item-fb73bb2\" href=\"https:\/\/www.mixcloud.com\/johnny-zampateli\" target=\"_blank\">\n\t\t\t\t\t\t<span class=\"elementor-screen-only\">Mixcloud<\/span>\n\t\t\t\t\t\t<i class=\"fab fa-mixcloud\"><\/i>\t\t\t\t\t<\/a>\n\t\t\t\t<\/span>\n\t\t\t\t\t\t\t<span class=\"elementor-grid-item\">\n\t\t\t\t\t<a class=\"elementor-icon elementor-social-icon elementor-social-icon-instagram elementor-repeater-item-ac7d0f3\" href=\"https:\/\/www.instagram.com\/dj_zap1\/\" target=\"_blank\">\n\t\t\t\t\t\t<span class=\"elementor-screen-only\">Instagram<\/span>\n\t\t\t\t\t\t<i class=\"fab fa-instagram\"><\/i>\t\t\t\t\t<\/a>\n\t\t\t\t<\/span>\n\t\t\t\t\t<\/div>\n\t\t\t\t\t\t<\/div>\n\t\t\t\t<\/div>\n\t\t\t\t\t<\/div>\n\t\t<\/div>\n\t\t\t\t\t<\/div>\n\t\t<\/section>\n\t\t\t\t<\/div>","protected":false},"excerpt":{"rendered":"<p>\u0392\u03b9\u03bf\u03b3\u03c1\u03b1\u03c6\u03b9\u03ba\u03cc \u0393\u03bd\u03c9\u03c1\u03af\u03c3\u03c4\u03b5 \u03c4\u03bf\u03bd Dj Zap \u0397 \u03b5\u03bd\u03b1\u03c3\u03c7\u03cc\u03bb\u03b7\u03c3\u03ae \u03c4\u03bf\u03c5 \u03bc\u03b5 \u03c4\u03b7 \u03bc\u03bf\u03c5\u03c3\u03b9\u03ba\u03ae \u03be\u03b5\u03ba\u03af\u03bd\u03b7\u03c3\u03b5 \u03c3\u03b5 \u03c0\u03bf\u03bb\u03cd \u03bd\u03b5\u03b1\u03c1\u03ae \u03b7\u03bb\u03b9\u03ba\u03af\u03b1. \u0391\u03c5\u03c4\u03cc \u03c6\u03ac\u03bd\u03b7\u03ba\u03b5 \u03c3\u03c4\u03b7\u03bd \u03c0\u03bf\u03c1\u03b5\u03af\u03b1 \u03cc\u03c4\u03b1\u03bd \u03c6\u03bf\u03af\u03c4\u03b7\u03c3\u03b5 \u03c3\u03c4\u03bf \u039c\u03bf\u03c5\u03c3\u03b9\u03ba\u03cc \u0393\u03c5\u03bc\u03bd\u03ac\u03c3\u03b9\u03bf \u03ba\u03b1\u03b9 \u039b\u03cd\u03ba\u03b5\u03b9\u03bf \u039a\u03b1\u03b2\u03ac\u03bb\u03b1\u03c2 \u03ba\u03b1\u03b9 \u03ba\u03ad\u03c1\u03b4\u03b9\u03c3\u03b5 \u03c4\u03b7\u03bd \u03c0\u03c1\u03ce\u03c4\u03b7 \u03b8\u03ad\u03c3\u03b7 \u03c3\u03c4\u03b1 \u03ba\u03c1\u03bf\u03c5\u03c3\u03c4\u03ac \u03c3\u03c4\u03bf\u03c5\u03c2 \u03a0\u03b1\u03bd\u03b5\u03bb\u03bb\u03ae\u03bd\u03b9\u03bf\u03c5\u03c2 \u039c\u03bf\u03c5\u03c3\u03b9\u03ba\u03bf\u03cd\u03c2 \u0394\u03b9\u03b1\u03b3\u03c9\u03bd\u03b9\u03c3\u03bc\u03bf\u03cd\u03c2. \u0395\u03bd\u03ce \u03c3\u03c0\u03bf\u03cd\u03b4\u03b1\u03b6\u03b5 \u03bc\u03bf\u03c5\u03c3\u03b9\u03ba\u03ae \u03c4\u03b5\u03c7\u03bd\u03bf\u03bb\u03bf\u03b3\u03af\u03b1 \u03ba\u03b1\u03b9 \u03b5\u03c1\u03b3\u03b1\u03b6\u03cc\u03c4\u03b1\u03bd \u03c9\u03c2 DJ \u03ba\u03b1\u03b9 \u03b7\u03c7\u03bf\u03bb\u03ae\u03c0\u03c4\u03b7\u03c2, \u03bc\u03c0\u03cc\u03c1\u03b5\u03c3\u03b5 \u03bd\u03b1 \u03b1\u03c6\u03bf\u03c3\u03b9\u03c9\u03b8\u03b5\u03af \u03c0\u03bb\u03ae\u03c1\u03c9\u03c2 \u03c3\u03c4\u03b7\u03bd \u03b1\u03b3\u03ac\u03c0\u03b7&#8230;<\/p>","protected":false},"author":2,"featured_media":0,"parent":0,"menu_order":0,"comment_status":"closed","ping_status":"closed","template":"elementor_header_footer","meta":{"_kad_post_transparent":"","_kad_post_title":"hide","_kad_post_layout":"fullwidth","_kad_post_sidebar_id":"","_kad_post_content_style":"unboxed","_kad_post_vertical_padding":"hide","_kad_post_feature":"hide","_kad_post_feature_position":"","_kad_post_header":false,"_kad_post_footer":false,"footnotes":""},"aioseo_notices":[],"_links":{"self":[{"href":"https:\/\/zapmusic.de\/de\/wp-json\/wp\/v2\/pages\/20"}],"collection":[{"href":"https:\/\/zapmusic.de\/de\/wp-json\/wp\/v2\/pages"}],"about":[{"href":"https:\/\/zapmusic.de\/de\/wp-json\/wp\/v2\/types\/page"}],"author":[{"embeddable":true,"href":"https:\/\/zapmusic.de\/de\/wp-json\/wp\/v2\/users\/2"}],"replies":[{"embeddable":true,"href":"https:\/\/zapmusic.de\/de\/wp-json\/wp\/v2\/comments?post=20"}],"version-history":[{"count":32,"href":"https:\/\/zapmusic.de\/de\/wp-json\/wp\/v2\/pages\/20\/revisions"}],"predecessor-version":[{"id":469,"href":"https:\/\/zapmusic.de\/de\/wp-json\/wp\/v2\/pages\/20\/revisions\/469"}],"wp:attachment":[{"href":"https:\/\/zapmusic.de\/de\/wp-json\/wp\/v2\/media?parent=20"}],"curies":[{"name":"wp","href":"https:\/\/api.w.org\/{rel}","templated":true}]}}